{"id":16273,"date":"2019-07-15T15:34:22","date_gmt":"2019-07-15T13:34:23","guid":{"rendered":"https:\/\/archief.zibo.nl\/?post_type=product&#038;p=16273"},"modified":"2019-07-17T15:55:20","modified_gmt":"2019-07-17T13:55:20","slug":"disques-tasseurs-zibo-kopie","status":"publish","type":"product","link":"https:\/\/archief.zibo.nl\/fr\/produit\/disques-tasseurs-zibo-kopie\/","title":{"rendered":"Tasseur ZIBO &#8211; Plastique"},"content":{"rendered":"<p><strong>Pr\u00e9parez le sol pour le semis en un seul passage<\/strong><\/p>\n<p>Les disques de tasseur frais\u00e9s ZIBO sont populaires car ils permettent de pr\u00e9parer le sol pour le semis en\u00a0un seul passage. Mais cela pose des probl\u00e8mes \u00e0 l&rsquo;arri\u00e8re des b\u00eacheuses en raison du poids \u00e9lev\u00e9 des\u00a0disques tasseurs en acier moul\u00e9. L&rsquo;utilisation d&rsquo;un disque frais\u00e9 en plastique r\u00e9duit le poids des disques\u00a0de plus de 70 %.<\/p>\n<p>De plus, le plastique engorge moins le sol que l&rsquo;acier\u00a0moul\u00e9 ou d&rsquo;autres mat\u00e9riaux. 27 disques sont\u00a0utilis\u00e9s derri\u00e8re la b\u00eacheuse 3 m\u00e8tres. Ils ont une\u00a0largeur de travail de 3,25 m\u00e8tres. Les disques sont\u00a0mont\u00e9s \u00e0 125 mm sur un arbre. Chaque disque\u00a0peut tourner ind\u00e9pendamment. L&rsquo;arbre avec les\u00a0disques frais\u00e9s peut ais\u00e9ment s&rsquo;int\u00e9grer \u00e0 une\u00a0b\u00eacheuse. La pression sur le disque peut \u00eatre r\u00e9gl\u00e9e\u00a0\u00e0 l&rsquo;aide d&rsquo;un v\u00e9rin.<\/p>\n<p><strong>Code \u00a0 \u00a0 \u00a0 \u00a0 \u00a0 \u00a0 \u00a0 \u00a0 Description\u00a0<\/strong><br \/>\nKVSK720-10 \u00a0 \u00a0Tasseur en plastique ZIBO sur ch\u00e2ssis \u00d8720 x 3 250 mm complet avec 27 disques<br \/>\nKVSK720-06 \u00a0 \u00a0Disque de tasseur en plastique ZIBO \u00d8720 x 125 mm complet (7 kg)<\/p>\n<p><strong>Option<\/strong><br \/>\n<strong>Code \u00a0 \u00a0 \u00a0 \u00a0 \u00a0 \u00a0 \u00a0 \u00a0Description\u00a0<\/strong><br \/>\nKVSK72017 \u00a0 \u00a0Racloirs \u00e0 ressort sur ch\u00e2ssis (amovibles) pour 27 disques\u00a0(le jeu comprend les fixations)<\/p>\n<p><a name=\"offerte\"><\/a><br \/>\n<strong>Demander une offre sans obligation :<\/strong><br \/>\n<!-- SharpSpring Form for Zibo_FR_offerte_Tasseur-ZIBO  --><br \/>\n<script type=\"text\/javascript\">\n    var ss_form = {'account': 'MzawMDEzMTU1AQA', 'formID': 'SzZMTrK0tLDUTTVINtY1MTU00rW0TLbUNbEwMjUwME5MNkgzBQA'};\n    ss_form.width = '100%';\n    ss_form.height = '1000';\n    ss_form.domain = 'app-3QNCO4B3A0.marketingautomation.services';\n    \/\/ ss_form.hidden = {'field_id': 'value'}; \/\/ Modify this for sending hidden variables, or overriding values\n    \/\/ ss_form.target_id = 'target'; \/\/ Optional parameter: forms will be placed inside the element with the specified id\n    \/\/ ss_form.polling = true; \/\/ Optional parameter: set to true ONLY if your page loads dynamically and the id needs to be polled continually.\n<\/script><br \/>\n<script type=\"text\/javascript\" src=\"https:\/\/koi-3QNCO4B3A0.marketingautomation.services\/client\/form.js?ver=2.0.1\"><\/script><\/p>\n<p>En savoir plus sur notre <a href=\"https:\/\/archief.zibo.nl\/privacybeleid\/\" target=\"_blank\" rel=\"noopener noreferrer\">politique de confidentialit\u00e9<\/a><\/p>\n","protected":false},"excerpt":{"rendered":"<p><strong>Avez vous des questions? Appelez-nous au num\u00e9ro +31 (0)599 234 418<\/strong><\/p>\n<p><a href=\"#offerte\"><img loading=\"lazy\" decoding=\"async\" class=\"alignnone size-full wp-image-14295\" src=\"\/wp-content\/uploads\/2018\/01\/offerte-opvragen-button_FR.png\" alt=\"offerte-opvragen-button\" width=\"254\" height=\"36\" \/><\/a><\/p>\n","protected":false},"featured_media":16223,"template":"","meta":[],"product_brand":[],"product_cat":[303,301,300],"product_tag":[],"class_list":{"0":"post-16273","1":"product","2":"type-product","3":"status-publish","4":"has-post-thumbnail","6":"product_cat-produits","7":"product_cat-tasseur-zibo","8":"product_cat-travail-du-sol","10":"first","11":"instock","12":"shipping-taxable","13":"product-type-simple"},"_links":{"self":[{"href":"https:\/\/archief.zibo.nl\/fr\/wp-json\/wp\/v2\/product\/16273","targetHints":{"allow":["GET"]}}],"collection":[{"href":"https:\/\/archief.zibo.nl\/fr\/wp-json\/wp\/v2\/product"}],"about":[{"href":"https:\/\/archief.zibo.nl\/fr\/wp-json\/wp\/v2\/types\/product"}],"wp:featuredmedia":[{"embeddable":true,"href":"https:\/\/archief.zibo.nl\/fr\/wp-json\/wp\/v2\/media\/16223"}],"wp:attachment":[{"href":"https:\/\/archief.zibo.nl\/fr\/wp-json\/wp\/v2\/media?parent=16273"}],"wp:term":[{"taxonomy":"product_brand","embeddable":true,"href":"https:\/\/archief.zibo.nl\/fr\/wp-json\/wp\/v2\/product_brand?post=16273"},{"taxonomy":"product_cat","embeddable":true,"href":"https:\/\/archief.zibo.nl\/fr\/wp-json\/wp\/v2\/product_cat?post=16273"},{"taxonomy":"product_tag","embeddable":true,"href":"https:\/\/archief.zibo.nl\/fr\/wp-json\/wp\/v2\/product_tag?post=16273"}],"curies":[{"name":"wp","href":"https:\/\/api.w.org\/{rel}","templated":true}]}}