{"id":16294,"date":"2016-04-04T09:44:36","date_gmt":"2016-04-04T07:44:36","guid":{"rendered":"https:\/\/archief.zibo.nl\/product\/zibo-onderdelen-grondbewerkingsmachines\/"},"modified":"2022-02-11T13:07:13","modified_gmt":"2022-02-11T12:07:13","slug":"zibo-onderdelen-grondbewerkingsmachines","status":"publish","type":"product","link":"https:\/\/archief.zibo.nl\/fr\/produit\/zibo-onderdelen-grondbewerkingsmachines\/","title":{"rendered":"Pi\u00e8ces des machines de travail du sol ZIBO"},"content":{"rendered":"<p><strong>Zinger Mechanisatie fournit, rapidement et \u00e0 des prix comp\u00e9titifs, des pi\u00e8ces d\u00e9tach\u00e9es pour les machines de travail du sol suivantes :<\/strong><br \/>\nAccord, Adriatica, Aedes, Agram, Agrator, Agria, Agricom, Agrimac, Agrimaster, Agritalia, Agritec, Agromec, Agromet, Agrotec, Alo, Alpego, Amac, Amazone, AP, AS, Atti, Baas-Trima, Badalini, Baiano, Bams, Barbieri, Barigelli, Baroni, Baselier, BCS, Bechio, Becker, Befa, Benassi Berry Berti, Bertolini, Bleinroth, Bobcat, Bomford, Bonfiglioli, Braun, Brenig, Bressel, Breviglieri, Brouchard, Brumital-Agris, Bruni, Bucher, Bungartz, Cab, Cabe, Calderoni, Cam, Cantone, Cappon, Caroni, Carony, Carraro, Carroy, Carsorzo, Cavagion, Ceccato, Celli, Celvatici, Chabas, Chief, Claas, CMB, Cobra, Collari, Comeb, Cosma, Cosmag, Clemens, Desvoys, Diesse, Deutz-fahr, Dondi, Doppstad, Doublet-Record, Dragone, Ducker, Dutzi, Eberhardt, Einbock, Emy, Elenfer, Epoke, Eros, Eurogreen, Euroma, Eurosystem, Evers, Fahr, FAE, Falc, Falcomero, Falconero, Farmax, Faucheux, Fella, Fendt, Feraboli, Ferrari, Ferri, Ferri &amp; Simoni, Fiedler, Fiona, Fischer, Fliegl, Forgio, Forigo, Fort, Frandent, Fraudge, Frost, Galucho, Gaspardo, Gaziero, Gehring, Gestin, Gilbers, Gimac, Goldoni, Goudland, Gramegna, Grimme, Grillo, Groenewegen Gruse, Gutbrod, Gyro, Hako, Hankmo,\u00a0Hale, Hansa, Hassia, Hatzenbichler, Hauer, Hemos, Humus, Herder, Hermes, Hienen, HMF, Holder, Holmer, Honda, Hoopman, Horsch, Howard, Huard, Hydrac, Hymach, Ilmer, Imants, Isaria, Iseki, JCB, JF, JNC, John Deere, Joskin, Kemper, Kleine, Knoche, Kockerling, Kongskilde, Koro, Krone, Kuhn, Kverneland, Kyllingstad, Lagarde, Landsberg, Leckron, Lely, Lemken, van Lengerich, Lince, Logifeed &amp; RMH, MAG, Mailleux, Maletti, Manitou, Marchner, Marmix, Marsk-Stig, Maschio, Massano, Mearelli, Mengele, MEO, Meritano, MF, Monosem, Moreau, Moreni, Morra, Mortl, Mott, Mulag, Muratori, Muthing, Nardi, Naud, New-Holland, Nibbi, Nicolas, Niemeyer, Nobili, Nodet, Nordsten, Noremat, Nuova-Cabe, Nutrifeed, Oehler, Overum, Omarv, Omas, Ommas, Ompi, Orsi, Ortolan, Palladino, Pabso, Parmiter, Pasquali, Pedrotti, Peecon, Pegoraro, Perfect, Perugini, Peruzzo, PGS, Pircher, Pottinger, Prater, Procomas, PZ-Zweegers, Quivogne, Rabewerk, Randi, Rapid, Rasant, Rau, Redrock, Reform, Remac, Renter, Rheinland, Ridder, Rienieri, Rivierre, Casalis, Ropa, Rosatella, Roteco, Roteritalia, Rotoram, Rotorland, Rousseau, Rumpstad, Samson, Sandri, Sauerberger, Saxonia, Schanzlin, Schmidt, Schots, Schmotzer, Schrijvers, Schuitemaker, Seima, Seko, Selvatici, SEP, Seppi, Sicma, Simon, Solbjerg, Solo, Sovema, Spearhead, Spragelse-Mica, Staiger, Steeno, Stegsted, Stella, Stoll, Storti, Strautmann, Struik, Szolnoki, Taarup, Tatoma, Terral, Terranova, Tielburger, Tierre, Tim,Tornado, Tornedo, Tortella, Trioliet, Tume, Tunnissen &amp; Stocks, Turner, Twose, Ugelose, Ungarn, Unifeed, Unimix, Walker, Unsinn, Vaderstad, Valpadana, Ventzki, Vicon, Vigolo, Vogel &amp; Noot, Votex, Vredo, Weidemann, Welger, Wifo, Willibald, Wiwexa, Zago, Zampini, Zanon, Zappator, ZIBO, Zumec<\/p>\n<p><a name=\"offerte\"><\/a><br \/>\n<strong>Demander une offre sans obligation :<\/strong><br \/>\n<!-- SharpSpring Form for Zibo_FR_offerte_Pi\u00e8ces_d\u00e9tach\u00e9es  --><br \/>\n<script type=\"text\/javascript\">\n    var ss_form = {'account': 'MzawMDEzMTU1AQA', 'formID': 'SzIxTDJOSzXTNTA0MNE1MUhL07U0MTfWTUszMjNPs7QwNbAwBwA'};\n    ss_form.width = '100%';\n    ss_form.height = '1000';\n    ss_form.domain = 'app-3QNCO4B3A0.marketingautomation.services';\n    \/\/ ss_form.hidden = {'field_id': 'value'}; \/\/ Modify this for sending hidden variables, or overriding values\n    \/\/ ss_form.target_id = 'target'; \/\/ Optional parameter: forms will be placed inside the element with the specified id\n    \/\/ ss_form.polling = true; \/\/ Optional parameter: set to true ONLY if your page loads dynamically and the id needs to be polled continually.\n<\/script><br \/>\n<script type=\"text\/javascript\" src=\"https:\/\/koi-3QNCO4B3A0.marketingautomation.services\/client\/form.js?ver=2.0.1\"><\/script><\/p>\n<p>En savoir plus sur notre <a href=\"https:\/\/archief.zibo.nl\/privacybeleid\/\" target=\"_blank\" rel=\"noopener noreferrer\">politique de confidentialit\u00e9<\/a><\/p>\n","protected":false},"excerpt":{"rendered":"<p><strong>Avez vous des questions? Appelez-nous au num\u00e9ro +31 (0)599 234 418<\/strong><\/p>\n<p><a href=\"#offerte\"><img loading=\"lazy\" decoding=\"async\" class=\"alignnone size-full wp-image-14295\" src=\"\/wp-content\/uploads\/2018\/01\/offerte-opvragen-button_FR.png\" alt=\"offerte-opvragen-button\" width=\"254\" height=\"36\" \/><\/a><\/p>\n","protected":false},"featured_media":16295,"template":"","meta":[],"product_brand":[],"product_cat":[304,303],"product_tag":[],"class_list":{"0":"post-16294","1":"product","2":"type-product","3":"status-publish","4":"has-post-thumbnail","6":"product_cat-pieces-detachees","7":"product_cat-produits","9":"first","10":"instock","11":"shipping-taxable","12":"product-type-simple"},"_links":{"self":[{"href":"https:\/\/archief.zibo.nl\/fr\/wp-json\/wp\/v2\/product\/16294","targetHints":{"allow":["GET"]}}],"collection":[{"href":"https:\/\/archief.zibo.nl\/fr\/wp-json\/wp\/v2\/product"}],"about":[{"href":"https:\/\/archief.zibo.nl\/fr\/wp-json\/wp\/v2\/types\/product"}],"wp:featuredmedia":[{"embeddable":true,"href":"https:\/\/archief.zibo.nl\/fr\/wp-json\/wp\/v2\/media\/16295"}],"wp:attachment":[{"href":"https:\/\/archief.zibo.nl\/fr\/wp-json\/wp\/v2\/media?parent=16294"}],"wp:term":[{"taxonomy":"product_brand","embeddable":true,"href":"https:\/\/archief.zibo.nl\/fr\/wp-json\/wp\/v2\/product_brand?post=16294"},{"taxonomy":"product_cat","embeddable":true,"href":"https:\/\/archief.zibo.nl\/fr\/wp-json\/wp\/v2\/product_cat?post=16294"},{"taxonomy":"product_tag","embeddable":true,"href":"https:\/\/archief.zibo.nl\/fr\/wp-json\/wp\/v2\/product_tag?post=16294"}],"curies":[{"name":"wp","href":"https:\/\/api.w.org\/{rel}","templated":true}]}}