{"id":16300,"date":"2015-06-12T21:30:40","date_gmt":"2015-06-12T19:30:40","guid":{"rendered":"https:\/\/archief.zibo.nl\/product\/systemes-de-cameras-zibo\/"},"modified":"2019-07-17T15:32:01","modified_gmt":"2019-07-17T13:32:01","slug":"systemes-de-cameras-zibo","status":"publish","type":"product","link":"https:\/\/archief.zibo.nl\/fr\/produit\/systemes-de-cameras-zibo\/","title":{"rendered":"Syst\u00e8mes de cam\u00e9ras ZIBO"},"content":{"rendered":"<h3>Syst\u00e8mes de cam\u00e9ra ZIBO &#8211; Filaire<\/h3>\n<p><strong>Mettez votre machine dans votre cabine !<\/strong><\/p>\n<p>Syst\u00e8mes de\u00a0cam\u00e9ras r\u00e9sistants \u00e0 l&rsquo;eau pour une utilisation nomade. Peut\u00a0\u00eatre utilis\u00e9 pour : assistance \u00e0 la marche arri\u00e8re sur les camions\u00a0et machines roulant au sol, le suivi du processus sur les\u00a0machines agricoles, etc. Le syst\u00e8me est \u00e9quip\u00e9 d&rsquo;un grand\u00a0\u00e9cran couleur plat 7\u201d avec son et cam\u00e9ra avec lumi\u00e8re LED\u00a0infrarouge d&rsquo;assistance dans les environnements mal \u00e9clair\u00e9s.<\/p>\n<p><strong>Code \u00a0 \u00a0Description\u00a0<\/strong><br \/>\nCam \u00a0 \u00a0 Jeu de cam\u00e9ra<\/p>\n<p><strong>Jeu de cam\u00e9ra<\/strong><\/p>\n<ul>\n<li>Multi-tension (8-32 V CC). Cons. \u00e9lectrique : &lt;10 W<\/li>\n<li>Entr\u00e9es pour max. 3 cam\u00e9ras<\/li>\n<li>Interrupteur prioritaire (pour choix automatique du canal lors de la marche arri\u00e8re)<\/li>\n<li>Fonctionnement automatique possible sur 2 canaux ;\u00a0intervalle r\u00e9glable de 2 \u00e0 20 sec.<\/li>\n<li>\u00c9cran TFT-LCD couleur 7\u201d (189 x 122 x 24 mm)<\/li>\n<li>Plage de temp\u00e9rature de l&rsquo;\u00e9cran LCD : -10\u00b0C \u00e0 +50\u00b0C.<\/li>\n<li>Fonction miroir du signal d&rsquo;entr\u00e9e de l&rsquo;\u00e9cran<\/li>\n<li>Commande \u00e0 distance sans fil pour les fonctions de l&rsquo;\u00e9cran\u00a0(pas pour s\u00e9lectionner le canal)<\/li>\n<\/ul>\n<p><strong>Donn\u00e9es techniques<\/strong><\/p>\n<ul>\n<li>Cam\u00e9ra avec Sony CCD et bo\u00eetier en\u00a0acier inoxydable et \u00e9trier<\/li>\n<li>Intensit\u00e9 lumineuse minimale (sans LED) : 0,5 LUX<\/li>\n<li>Angle d&rsquo;ouverture de l&rsquo;objectif : 92\u00b0 (f=3,6 mm)<\/li>\n<li>Plage de temp\u00e9ratures de la cam\u00e9ra :\u00a0-30\u00b0C to +50\u00b0C\u00a0(avec chauffage de l&rsquo;objectif)<\/li>\n<li>Cam\u00e9ra dot\u00e9e d&rsquo;un c\u00e2ble de 1 m\u00e8tre avec\u00a0fiche de raccordement \u00e9tanche \u00e0 l&rsquo;eau (IP67)<\/li>\n<li>C\u00e2ble de connexion de la cam\u00e9ra<\/li>\n<\/ul>\n<p><strong>Contenu du jeu de cam\u00e9ra<\/strong><\/p>\n<ul>\n<li>1x \u00e9cran couleur avec t\u00e9l\u00e9commande<\/li>\n<li>1x cam\u00e9ra couleur 92\u00b0 miroir<\/li>\n<li>1x bo\u00eetier de connexion\/commutation<\/li>\n<li>1x c\u00e2ble de connexion de cam\u00e9ra 20 m\u00e8tres<\/li>\n<li>Mat\u00e9riau de montage<\/li>\n<li>Manuel d&rsquo;instruction<\/li>\n<\/ul>\n<p><strong>Code \u00a0 \u00a0 \u00a0 \u00a0 \u00a0 \u00a0 Description\u00a0<\/strong><br \/>\nCAS61603 \u00a0 \u00a0Cam\u00e9ra ZIBO suppl\u00e9mentaire<br \/>\nCAS61905 \u00a0 \u00a0Extension 5 m\u00e8tres ZIBO<br \/>\nCAS61910 \u00a0 \u00a0Extension 10 m\u00e8tres ZIBO<br \/>\nCAS61920 \u00a0 \u00a0Extension 20 m\u00e8tres ZIBO<\/p>\n<h3>Syst\u00e8mes de cam\u00e9ra ZIBO &#8211; Sans fil<\/h3>\n<p><strong>Code \u00a0 \u00a0 \u00a0 Description\u00a0<\/strong><br \/>\nCamw7 \u00a0 Syst\u00e8me de cam\u00e9ra, \u00e9cran couleur\u00a0LCD 7\u201d, sans fil, avec une cam\u00e9ra,\u00a0compl. Dimensions L x H x P (mm) :\u00a0220 x 149 x 84<br \/>\nCamw9 \u00a0 Syst\u00e8me de cam\u00e9ra, \u00e9cran couleur\u00a0LCD 9\u201d, sans fil, avec une cam\u00e9ra,\u00a0compl. Dimensions L x H x P (mm) :\u00a0256 x 179 x 81<br \/>\n<em>Possibilit\u00e9 d&rsquo;installer jusqu&rsquo;\u00e0 4 cam\u00e9ras sur 1 syst\u00e8me<\/em><\/p>\n<p><strong>Options<\/strong><br \/>\n<strong>Code \u00a0 \u00a0 \u00a0 Description\u00a0<\/strong><br \/>\nCamwc \u00a0 \u00a0Cam\u00e9ra s\u00e9par\u00e9e, sans fil<\/p>\n<p><a name=\"offerte\"><\/a><br \/>\n<strong>Demander une offre sans obligation :<\/strong><br \/>\n<!-- SharpSpring Form for Zibo_FR_offerte_Pi\u00e8ces_d\u00e9tach\u00e9es  --><br \/>\n<script type=\"text\/javascript\">\n    var ss_form = {'account': 'MzawMDEzMTU1AQA', 'formID': 'SzIxTDJOSzXTNTA0MNE1MUhL07U0MTfWTUszMjNPs7QwNbAwBwA'};\n    ss_form.width = '100%';\n    ss_form.height = '1000';\n    ss_form.domain = 'app-3QNCO4B3A0.marketingautomation.services';\n    \/\/ ss_form.hidden = {'field_id': 'value'}; \/\/ Modify this for sending hidden variables, or overriding values\n    \/\/ ss_form.target_id = 'target'; \/\/ Optional parameter: forms will be placed inside the element with the specified id\n    \/\/ ss_form.polling = true; \/\/ Optional parameter: set to true ONLY if your page loads dynamically and the id needs to be polled continually.\n<\/script><br \/>\n<script type=\"text\/javascript\" src=\"https:\/\/koi-3QNCO4B3A0.marketingautomation.services\/client\/form.js?ver=2.0.1\"><\/script><\/p>\n<p>En savoir plus sur notre <a href=\"https:\/\/archief.zibo.nl\/privacybeleid\/\" target=\"_blank\" rel=\"noopener noreferrer\">politique de confidentialit\u00e9<\/a><\/p>\n","protected":false},"excerpt":{"rendered":"<p><strong>Avez vous des questions? Appelez-nous au num\u00e9ro +31 (0)599 234 418<\/strong><\/p>\n<p><a href=\"#offerte\"><img loading=\"lazy\" decoding=\"async\" class=\"alignnone size-full wp-image-14295\" src=\"\/wp-content\/uploads\/2018\/01\/offerte-opvragen-button_FR.png\" alt=\"offerte-opvragen-button\" width=\"254\" height=\"36\" \/><\/a><\/p>\n","protected":false},"featured_media":16301,"template":"","meta":[],"product_brand":[],"product_cat":[304,303],"product_tag":[],"class_list":{"0":"post-16300","1":"product","2":"type-product","3":"status-publish","4":"has-post-thumbnail","6":"product_cat-pieces-detachees","7":"product_cat-produits","9":"first","10":"instock","11":"shipping-taxable","12":"product-type-simple"},"_links":{"self":[{"href":"https:\/\/archief.zibo.nl\/fr\/wp-json\/wp\/v2\/product\/16300","targetHints":{"allow":["GET"]}}],"collection":[{"href":"https:\/\/archief.zibo.nl\/fr\/wp-json\/wp\/v2\/product"}],"about":[{"href":"https:\/\/archief.zibo.nl\/fr\/wp-json\/wp\/v2\/types\/product"}],"wp:featuredmedia":[{"embeddable":true,"href":"https:\/\/archief.zibo.nl\/fr\/wp-json\/wp\/v2\/media\/16301"}],"wp:attachment":[{"href":"https:\/\/archief.zibo.nl\/fr\/wp-json\/wp\/v2\/media?parent=16300"}],"wp:term":[{"taxonomy":"product_brand","embeddable":true,"href":"https:\/\/archief.zibo.nl\/fr\/wp-json\/wp\/v2\/product_brand?post=16300"},{"taxonomy":"product_cat","embeddable":true,"href":"https:\/\/archief.zibo.nl\/fr\/wp-json\/wp\/v2\/product_cat?post=16300"},{"taxonomy":"product_tag","embeddable":true,"href":"https:\/\/archief.zibo.nl\/fr\/wp-json\/wp\/v2\/product_tag?post=16300"}],"curies":[{"name":"wp","href":"https:\/\/api.w.org\/{rel}","templated":true}]}}