{"id":17265,"date":"2020-07-15T14:54:26","date_gmt":"2020-07-15T12:54:27","guid":{"rendered":"http:\/\/archief.zibo.nl\/?post_type=product&#038;p=17265"},"modified":"2021-02-18T14:39:25","modified_gmt":"2021-02-18T13:39:25","slug":"ventilateur-contre-les-gelees-nocturnes-zibo","status":"publish","type":"product","link":"https:\/\/archief.zibo.nl\/fr\/produit\/ventilateur-contre-les-gelees-nocturnes-zibo\/","title":{"rendered":"Ventilateur contre les gel\u00e9es nocturnes ZIBO"},"content":{"rendered":"<h1>NOUVEAU: Ventilateur contre les gel\u00e9es nocturnes ZIBO<\/h1>\n<p>Tous les ans, les producteurs (de fruits), y compris les producteurs de myrtilles, doivent faire face aux gel\u00e9es nocturnes. Traditionnellement, les producteurs irriguent leurs cultures pour \u00e9viter les d\u00e9g\u00e2ts caus\u00e9s par le gel. Outre les co\u00fbts li\u00e9s \u00e0 l\u2019irrigation, le risque de lessivage des engrais et de pression accrue des maladies fait \u00e9galement partie des inconv\u00e9nients de cette technique. Zinger Mechanisatie lance le ventilateur contre les gel\u00e9es nocturnes ZIBO, un impressionnant ventilateur axial qui peut prot\u00e9ger efficacement du gel une zone de trois hectares :<\/p>\n<ul>\n<li>Protection contre les gel\u00e9es nocturnes<\/li>\n<li>Meilleur rendement<\/li>\n<li>Grande capacit\u00e9 (jusqu\u2019\u00e0 3 hectares par ventilateur)<\/li>\n<li>Pas de lessivage des engrais<\/li>\n<li>Silencieux (pas de nuisance pour les riverains)<\/li>\n<li>Construction robuste dot\u00e9e de b\u00e9quilles<\/li>\n<li>\u00c9conomies sur les produits chimiques<\/li>\n<li>G\u00e9n\u00e9rateur en option<\/li>\n<li>Moins de risques de maladies fongiques (anthracnose) et d\u2019infestation par la tavelure<\/li>\n<\/ul>\n<div class='avia-iframe-wrap'><iframe loading=\"lazy\" title=\"ZIBO Nachtvorstventilator\" width=\"1500\" height=\"844\" src=\"https:\/\/www.youtube.com\/embed\/4INOwXVjy8g?feature=oembed\" frameborder=\"0\" allow=\"accelerometer; autoplay; clipboard-write; encrypted-media; gyroscope; picture-in-picture\" allowfullscreen><\/iframe><\/div>\n<p><a name=\"zibo-ventilateur\"><\/a><br \/>\n<strong>Demander une offre sans obligation :<\/strong><br \/>\n<!-- SharpSpring Form for Zibo_FR_offerte_Soin-Des-Cultures --><br \/>\n<script type=\"text\/javascript\">\n    var ss_form = {'account': 'MzawMDEzMTU1AQA', 'formID': 'Mzc2NUoysEjRTbIwMNY1sUw20000s0zSNUpNMzQ2SUoFiqQBAA'};\n    ss_form.width = '100%';\n    ss_form.height = '1000';\n    ss_form.domain = 'app-3QNCO4B3A0.marketingautomation.services';\n    \/\/ ss_form.hidden = {'field_id': 'value'}; \/\/ Modify this for sending hidden variables, or overriding values\n    \/\/ ss_form.target_id = 'target'; \/\/ Optional parameter: forms will be placed inside the element with the specified id\n    \/\/ ss_form.polling = true; \/\/ Optional parameter: set to true ONLY if your page loads dynamically and the id needs to be polled continually.\n<\/script><br \/>\n<script type=\"text\/javascript\" src=\"https:\/\/koi-3QNCO4B3A0.marketingautomation.services\/client\/form.js?ver=2.0.1\"><\/script><\/p>\n<p>En savoir plus sur notre <a href=\"https:\/\/archief.zibo.nl\/privacybeleid\/\" target=\"_blank\" rel=\"noopener noreferrer\">politique de confidentialit\u00e9<\/a><\/p>\n","protected":false},"excerpt":{"rendered":"<p><strong>Avez vous des questions? Appelez-nous au num\u00e9ro +31 (0)599 234 418<\/strong><\/p>\n<p><a href=\"#zibo-ventilateur\"><img loading=\"lazy\" decoding=\"async\" class=\"alignnone wp-image-15880 size-full\" src=\"http:\/\/archief.zibo.nl\/wp-content\/uploads\/2018\/01\/offerte-opvragen-button_FR.png\" alt=\"\" width=\"254\" height=\"36\" \/><\/a><\/p>\n","protected":false},"featured_media":17002,"template":"","meta":[],"product_brand":[],"product_cat":[303,299],"product_tag":[],"class_list":{"0":"post-17265","1":"product","2":"type-product","3":"status-publish","4":"has-post-thumbnail","6":"product_cat-produits","7":"product_cat-soin-des-cultures","9":"first","10":"instock","11":"featured","12":"shipping-taxable","13":"product-type-simple"},"_links":{"self":[{"href":"https:\/\/archief.zibo.nl\/fr\/wp-json\/wp\/v2\/product\/17265","targetHints":{"allow":["GET"]}}],"collection":[{"href":"https:\/\/archief.zibo.nl\/fr\/wp-json\/wp\/v2\/product"}],"about":[{"href":"https:\/\/archief.zibo.nl\/fr\/wp-json\/wp\/v2\/types\/product"}],"wp:featuredmedia":[{"embeddable":true,"href":"https:\/\/archief.zibo.nl\/fr\/wp-json\/wp\/v2\/media\/17002"}],"wp:attachment":[{"href":"https:\/\/archief.zibo.nl\/fr\/wp-json\/wp\/v2\/media?parent=17265"}],"wp:term":[{"taxonomy":"product_brand","embeddable":true,"href":"https:\/\/archief.zibo.nl\/fr\/wp-json\/wp\/v2\/product_brand?post=17265"},{"taxonomy":"product_cat","embeddable":true,"href":"https:\/\/archief.zibo.nl\/fr\/wp-json\/wp\/v2\/product_cat?post=17265"},{"taxonomy":"product_tag","embeddable":true,"href":"https:\/\/archief.zibo.nl\/fr\/wp-json\/wp\/v2\/product_tag?post=17265"}],"curies":[{"name":"wp","href":"https:\/\/api.w.org\/{rel}","templated":true}]}}