{"id":17270,"date":"2021-02-17T08:55:32","date_gmt":"2021-02-17T07:55:32","guid":{"rendered":"http:\/\/archief.zibo.nl\/?post_type=product&#038;p=17270"},"modified":"2021-02-18T14:39:53","modified_gmt":"2021-02-18T13:39:53","slug":"epandeur-a-granules-zg-zibo-avec-potentiometre","status":"publish","type":"product","link":"https:\/\/archief.zibo.nl\/fr\/produit\/epandeur-a-granules-zg-zibo-avec-potentiometre\/","title":{"rendered":"\u00c9pandeur \u00e0 Granul\u00e9s ZG ZIBO avec potentiom\u00e8tre"},"content":{"rendered":"<h1>NOUVEAU: \u00c9pandeur \u00e0 Granul\u00e9s ZG ZIBO avec potentiom\u00e8tre<\/h1>\n<p>Avec l\u2019\u00e9pandeur \u00e0 granul\u00e9s ZG de ZIBO, vous pouvez \u00e9pandre des granul\u00e9s avec pr\u00e9cision et simplicit\u00e9. Le d\u00e9bit peut \u00eatre facilement ajust\u00e9 depuis la cabine gr\u00e2ce \u00e0 l\u2019entra\u00eenement 12 V combin\u00e9 \u00e0 un potentiom\u00e8tre.<\/p>\n<p><a name=\"offerte\"><\/a><br \/>\n<strong>Demander une offre sans obligation :<\/strong><br \/>\n<!-- SharpSpring Form for Zibo_FR_offerte_Semis-Semoir-Dosage --><br \/>\n<script type=\"text\/javascript\">\n    var ss_form = {'account': 'MzawMDEzMTU1AQA', 'formID': 'SzYxtrAwNTbTNTEzMtA1SU1M0U1KSzTUtUxJTrE0MjY0MjNNAQA'};\n    ss_form.width = '100%';\n    ss_form.height = '1000';\n    ss_form.domain = 'app-3QNCO4B3A0.marketingautomation.services';\n    \/\/ ss_form.hidden = {'field_id': 'value'}; \/\/ Modify this for sending hidden variables, or overriding values\n    \/\/ ss_form.target_id = 'target'; \/\/ Optional parameter: forms will be placed inside the element with the specified id\n    \/\/ ss_form.polling = true; \/\/ Optional parameter: set to true ONLY if your page loads dynamically and the id needs to be polled continually.\n<\/script><br \/>\n<script type=\"text\/javascript\" src=\"https:\/\/koi-3QNCO4B3A0.marketingautomation.services\/client\/form.js?ver=2.0.1\"><\/script><\/p>\n<p>En savoir plus sur notre <a href=\"https:\/\/archief.zibo.nl\/privacybeleid\/\" target=\"_blank\" rel=\"noopener noreferrer\">politique de confidentialit\u00e9<\/a><\/p>\n","protected":false},"excerpt":{"rendered":"<p><strong>Avez vous des questions? Appelez-nous au num\u00e9ro +31 (0)599 234 418<\/strong><\/p>\n<p><a href=\"#offerte\"><img loading=\"lazy\" decoding=\"async\" class=\"alignnone wp-image-14295 size-full\" src=\"http:\/\/archief.zibo.nl\/wp-content\/uploads\/2016\/04\/offerte-opvragen-button.jpg\" alt=\"offerte-opvragen-button\" width=\"240\" height=\"37\" \/><\/a><\/p>\n","protected":false},"featured_media":17276,"template":"","meta":[],"product_brand":[],"product_cat":[303,298],"product_tag":[],"class_list":{"0":"post-17270","1":"product","2":"type-product","3":"status-publish","4":"has-post-thumbnail","6":"product_cat-produits","7":"product_cat-semis-semoir-dosage","9":"first","10":"instock","11":"shipping-taxable","12":"product-type-simple"},"_links":{"self":[{"href":"https:\/\/archief.zibo.nl\/fr\/wp-json\/wp\/v2\/product\/17270","targetHints":{"allow":["GET"]}}],"collection":[{"href":"https:\/\/archief.zibo.nl\/fr\/wp-json\/wp\/v2\/product"}],"about":[{"href":"https:\/\/archief.zibo.nl\/fr\/wp-json\/wp\/v2\/types\/product"}],"wp:featuredmedia":[{"embeddable":true,"href":"https:\/\/archief.zibo.nl\/fr\/wp-json\/wp\/v2\/media\/17276"}],"wp:attachment":[{"href":"https:\/\/archief.zibo.nl\/fr\/wp-json\/wp\/v2\/media?parent=17270"}],"wp:term":[{"taxonomy":"product_brand","embeddable":true,"href":"https:\/\/archief.zibo.nl\/fr\/wp-json\/wp\/v2\/product_brand?post=17270"},{"taxonomy":"product_cat","embeddable":true,"href":"https:\/\/archief.zibo.nl\/fr\/wp-json\/wp\/v2\/product_cat?post=17270"},{"taxonomy":"product_tag","embeddable":true,"href":"https:\/\/archief.zibo.nl\/fr\/wp-json\/wp\/v2\/product_tag?post=17270"}],"curies":[{"name":"wp","href":"https:\/\/api.w.org\/{rel}","templated":true}]}}